{"id":80,"date":"2024-01-23T11:33:49","date_gmt":"2024-01-23T11:33:49","guid":{"rendered":"http:\/\/massiatmr"},"modified":"2025-02-25T08:46:56","modified_gmt":"2025-02-25T08:46:56","slug":"nos-engagement","status":"publish","type":"page","link":"https:\/\/prowin-dz.com\/en\/nos-engagement\/","title":{"rendered":"Nos Engagements"},"content":{"rendered":"<div data-elementor-type=\"wp-page\" data-elementor-id=\"80\" class=\"elementor elementor-80\" data-elementor-post-type=\"page\">\n\t\t\t\t<div class=\"elementor-element elementor-element-1126eef0 e-flex e-con-boxed e-con e-parent\" data-id=\"1126eef0\" data-element_type=\"container\" data-e-type=\"container\" data-settings=\"{&quot;background_background&quot;:&quot;classic&quot;}\">\n\t\t\t\t\t<div class=\"e-con-inner\">\n\t\t<div class=\"elementor-element elementor-element-674adc49 e-con-full e-flex e-con e-child\" data-id=\"674adc49\" data-element_type=\"container\" data-e-type=\"container\">\n\t\t\t\t<div class=\"elementor-element elementor-element-3c1e2cb elementor-widget elementor-widget-text-editor\" data-id=\"3c1e2cb\" data-element_type=\"widget\" data-e-type=\"widget\" data-widget_type=\"text-editor.default\">\n\t\t\t\t\t\t\t\t\t<p>D\u00e9veloppement durable comme une mission globale.<\/p>\t\t\t\t\t\t\t\t<\/div>\n\t\t\t\t<div class=\"elementor-element elementor-element-4356b145 elementor-widget elementor-widget-heading\" data-id=\"4356b145\" data-element_type=\"widget\" data-e-type=\"widget\" data-widget_type=\"heading.default\">\n\t\t\t\t\t<h2 class=\"elementor-heading-title elementor-size-default\">Notre Engagement envers la Durabilit\u00e9<\/h2>\t\t\t\t<\/div>\n\t\t\t\t<div class=\"elementor-element elementor-element-c78a1c9 elementor-widget elementor-widget-text-editor\" data-id=\"c78a1c9\" data-element_type=\"widget\" data-e-type=\"widget\" data-widget_type=\"text-editor.default\">\n\t\t\t\t\t\t\t\t\t<p><span style=\"font-weight: 400;\">Nous orientons notre entreprise vers un avenir ax\u00e9 sur l&rsquo;environnement, en int\u00e9grant le d\u00e9veloppement durable comme mission globale, englobant les aspects \u00e9cologiques, sociaux et \u00e9conomiques. \u00c0 travers l&rsquo;adoption de technologies d&rsquo;extrusion PVC de pointe et l&rsquo;utilisation de mat\u00e9riaux de haute qualit\u00e9, nous d\u00e9finissons des produits robustes r\u00e9pondant aux normes les plus \u00e9lev\u00e9es.<\/span><\/p>\t\t\t\t\t\t\t\t<\/div>\n\t\t\t\t<div class=\"elementor-element elementor-element-5621f0fd elementor-widget elementor-widget-button\" data-id=\"5621f0fd\" data-element_type=\"widget\" data-e-type=\"widget\" data-widget_type=\"button.default\">\n\t\t\t\t\t\t\t\t\t\t<a class=\"elementor-button elementor-button-link elementor-size-sm\" href=\"https:\/\/prowin-dz.com\/en\/a-propos\/\">\n\t\t\t\t\t\t<span class=\"elementor-button-content-wrapper\">\n\t\t\t\t\t\t\t\t\t<span class=\"elementor-button-text\">\u00e0 propos de nous<\/span>\n\t\t\t\t\t<\/span>\n\t\t\t\t\t<\/a>\n\t\t\t\t\t\t\t\t<\/div>\n\t\t\t\t<\/div>\n\t\t<div class=\"elementor-element elementor-element-62c8578f e-con-full e-flex e-con e-child\" data-id=\"62c8578f\" data-element_type=\"container\" data-e-type=\"container\">\n\t\t\t\t<div class=\"elementor-element elementor-element-b776478 elementor-widget elementor-widget-image\" data-id=\"b776478\" data-element_type=\"widget\" data-e-type=\"widget\" data-widget_type=\"image.default\">\n\t\t\t\t\t\t\t\t\t\t\t\t\t\t\t<img data-opt-id=1301596751  fetchpriority=\"high\" decoding=\"async\" width=\"1000\" height=\"975\" src=\"https:\/\/mlkwjd6oyocc.i.optimole.com\/cb:247N.797d\/w:1000\/h:975\/q:mauto\/f:best\/https:\/\/prowin-dz.com\/wp-content\/uploads\/2024\/02\/DSC_6033.webp\" class=\"attachment-full size-full wp-image-482\" alt=\"\" srcset=\"https:\/\/mlkwjd6oyocc.i.optimole.com\/cb:247N.797d\/w:1000\/h:975\/q:mauto\/f:best\/https:\/\/prowin-dz.com\/wp-content\/uploads\/2024\/02\/DSC_6033.webp 1000w, https:\/\/mlkwjd6oyocc.i.optimole.com\/cb:247N.797d\/w:300\/h:293\/q:mauto\/f:best\/https:\/\/prowin-dz.com\/wp-content\/uploads\/2024\/02\/DSC_6033.webp 300w, https:\/\/mlkwjd6oyocc.i.optimole.com\/cb:247N.797d\/w:768\/h:749\/q:mauto\/f:best\/https:\/\/prowin-dz.com\/wp-content\/uploads\/2024\/02\/DSC_6033.webp 768w, https:\/\/mlkwjd6oyocc.i.optimole.com\/cb:247N.797d\/w:12\/h:12\/q:mauto\/f:best\/https:\/\/prowin-dz.com\/wp-content\/uploads\/2024\/02\/DSC_6033.webp 12w, https:\/\/mlkwjd6oyocc.i.optimole.com\/cb:247N.797d\/w:1000\/h:975\/q:mauto\/f:best\/dpr:2\/https:\/\/prowin-dz.com\/wp-content\/uploads\/2024\/02\/DSC_6033.webp 2x\" sizes=\"(max-width: 800px) 100vw, 800px\" \/>\t\t\t\t\t\t\t\t\t\t\t\t\t\t\t<\/div>\n\t\t\t\t<\/div>\n\t\t\t\t\t<\/div>\n\t\t\t\t<\/div>\n\t\t<div class=\"elementor-element elementor-element-5ef82c45 e-flex e-con-boxed e-con e-parent\" data-id=\"5ef82c45\" data-element_type=\"container\" data-e-type=\"container\" data-settings=\"{&quot;background_background&quot;:&quot;classic&quot;}\">\n\t\t\t\t\t<div class=\"e-con-inner\">\n\t\t<div class=\"elementor-element elementor-element-5532591d e-con-full e-flex e-con e-child\" data-id=\"5532591d\" data-element_type=\"container\" data-e-type=\"container\">\n\t\t\t\t<div class=\"elementor-element elementor-element-8c564ba elementor-widget elementor-widget-heading\" data-id=\"8c564ba\" data-element_type=\"widget\" data-e-type=\"widget\" data-widget_type=\"heading.default\">\n\t\t\t\t\t<h2 class=\"elementor-heading-title elementor-size-default\">Un profil\u00e9 de haut gamme pour la menuiserie PVC\n<\/h2>\t\t\t\t<\/div>\n\t\t\t\t<div class=\"elementor-element elementor-element-435b4c24 elementor-widget elementor-widget-text-editor\" data-id=\"435b4c24\" data-element_type=\"widget\" data-e-type=\"widget\" data-widget_type=\"text-editor.default\">\n\t\t\t\t\t\t\t\t\t<p><span style=\"font-weight: 400;\">Le profil\u00e9 en PVC est l\u2019\u00e9l\u00e9ment fondamental dans la fabrication de portes et de fen\u00eatres. Et c\u2019est dans le but de fournir un excellent produit pour nos partenaires, que nos profil\u00e9s sont soigneusement fabriqu\u00e9s pour garantir des performances optimales en mati\u00e8re d&rsquo;isolation thermique, de sonorisation, d&rsquo;\u00e9tanch\u00e9it\u00e9 et de durabilit\u00e9.<\/span><\/p><p><span style=\"font-weight: 400;\">Chez Prowin, notre profil\u00e9 est le fruit d\u2019un savoir-faire en extrusion combin\u00e9 \u00e0 une technologie de pointe. Nous employons des \u00e9quipements de pointe garantissant un niveau de qualit\u00e9 et une esth\u00e9tique exceptionnels.<\/span><\/p>\t\t\t\t\t\t\t\t<\/div>\n\t\t\t\t<div class=\"elementor-element elementor-element-640438bb elementor-widget elementor-widget-button\" data-id=\"640438bb\" data-element_type=\"widget\" data-e-type=\"widget\" data-widget_type=\"button.default\">\n\t\t\t\t\t\t\t\t\t\t<a class=\"elementor-button elementor-button-link elementor-size-sm\" href=\"https:\/\/prowin-dz.com\/en\/nos-produits\/\">\n\t\t\t\t\t\t<span class=\"elementor-button-content-wrapper\">\n\t\t\t\t\t\t\t\t\t<span class=\"elementor-button-text\">Nos Produits<\/span>\n\t\t\t\t\t<\/span>\n\t\t\t\t\t<\/a>\n\t\t\t\t\t\t\t\t<\/div>\n\t\t\t\t<\/div>\n\t\t\t\t\t<\/div>\n\t\t\t\t<\/div>\n\t\t\t\t<\/div>","protected":false},"excerpt":{"rendered":"<p>D\u00e9veloppement durable comme une mission globale. Notre Engagement envers la Durabilit\u00e9 Nous orientons notre entreprise vers un avenir ax\u00e9 sur l&rsquo;environnement, en int\u00e9grant le d\u00e9veloppement durable comme mission globale, englobant les aspects \u00e9cologiques, sociaux et \u00e9conomiques. \u00c0 travers l&rsquo;adoption de technologies d&rsquo;extrusion PVC de pointe et l&rsquo;utilisation de mat\u00e9riaux de haute qualit\u00e9, nous d\u00e9finissons des [&hellip;]<\/p>\n","protected":false},"author":1,"featured_media":0,"parent":0,"menu_order":0,"comment_status":"closed","ping_status":"closed","template":"","meta":{"footnotes":""},"class_list":["post-80","page","type-page","status-publish","hentry"],"_links":{"self":[{"href":"https:\/\/prowin-dz.com\/en\/wp-json\/wp\/v2\/pages\/80","targetHints":{"allow":["GET"]}}],"collection":[{"href":"https:\/\/prowin-dz.com\/en\/wp-json\/wp\/v2\/pages"}],"about":[{"href":"https:\/\/prowin-dz.com\/en\/wp-json\/wp\/v2\/types\/page"}],"author":[{"embeddable":true,"href":"https:\/\/prowin-dz.com\/en\/wp-json\/wp\/v2\/users\/1"}],"replies":[{"embeddable":true,"href":"https:\/\/prowin-dz.com\/en\/wp-json\/wp\/v2\/comments?post=80"}],"version-history":[{"count":3,"href":"https:\/\/prowin-dz.com\/en\/wp-json\/wp\/v2\/pages\/80\/revisions"}],"predecessor-version":[{"id":897,"href":"https:\/\/prowin-dz.com\/en\/wp-json\/wp\/v2\/pages\/80\/revisions\/897"}],"wp:attachment":[{"href":"https:\/\/prowin-dz.com\/en\/wp-json\/wp\/v2\/media?parent=80"}],"curies":[{"name":"wp","href":"https:\/\/api.w.org\/{rel}","templated":true}]}}