{"id":186,"date":"2024-01-24T17:09:37","date_gmt":"2024-01-24T17:09:37","guid":{"rendered":"https:\/\/prowin-dz.com\/?page_id=186"},"modified":"2025-08-22T11:03:37","modified_gmt":"2025-08-22T11:03:37","slug":"distribution","status":"publish","type":"page","link":"https:\/\/prowin-dz.com\/en\/distribution\/","title":{"rendered":"Distribution"},"content":{"rendered":"<div data-elementor-type=\"wp-page\" data-elementor-id=\"186\" class=\"elementor elementor-186\" data-elementor-post-type=\"page\">\n\t\t\t\t<div class=\"elementor-element elementor-element-645f1672 e-flex e-con-boxed e-con e-parent\" data-id=\"645f1672\" data-element_type=\"container\" data-e-type=\"container\" data-settings=\"{&quot;background_background&quot;:&quot;classic&quot;}\">\n\t\t\t\t\t<div class=\"e-con-inner\">\n\t\t<div class=\"elementor-element elementor-element-2f564da9 e-flex e-con-boxed e-con e-child\" data-id=\"2f564da9\" data-element_type=\"container\" data-e-type=\"container\">\n\t\t\t\t\t<div class=\"e-con-inner\">\n\t\t\t\t<div class=\"elementor-element elementor-element-2b9b006a elementor-widget elementor-widget-heading\" data-id=\"2b9b006a\" data-element_type=\"widget\" data-e-type=\"widget\" data-widget_type=\"heading.default\">\n\t\t\t\t\t<h1 class=\"elementor-heading-title elementor-size-default\">R\u00e9seau de distribution \n<\/h1>\t\t\t\t<\/div>\n\t\t\t\t\t<\/div>\n\t\t\t\t<\/div>\n\t\t\t\t\t<\/div>\n\t\t\t\t<\/div>\n\t\t<div class=\"elementor-element elementor-element-1a5b65fe e-flex e-con-boxed e-con e-parent\" data-id=\"1a5b65fe\" data-element_type=\"container\" data-e-type=\"container\">\n\t\t\t\t\t<div class=\"e-con-inner\">\n\t\t<div class=\"elementor-element elementor-element-1ad7aaae e-con-full e-flex e-con e-child\" data-id=\"1ad7aaae\" data-element_type=\"container\" data-e-type=\"container\">\n\t\t\t\t<div class=\"elementor-element elementor-element-31abecf8 elementor-widget elementor-widget-heading\" data-id=\"31abecf8\" data-element_type=\"widget\" data-e-type=\"widget\" data-widget_type=\"heading.default\">\n\t\t\t\t\t<h2 class=\"elementor-heading-title elementor-size-default\">R\u00e9seau de distribution des profil\u00e9s PVC Prowin\n<\/h2>\t\t\t\t<\/div>\n\t\t\t\t<div class=\"elementor-element elementor-element-1c0aebb8 elementor-widget elementor-widget-text-editor\" data-id=\"1c0aebb8\" data-element_type=\"widget\" data-e-type=\"widget\" data-widget_type=\"text-editor.default\">\n\t\t\t\t\t\t\t\t\t<p><span style=\"font-weight: 400;\">Pour offrir une couverture optimale, une livraison rapide et un service exceptionnel \u00e0 nos pr\u00e9cieux clients, nous avons m\u00e9ticuleusement con\u00e7u notre r\u00e9seau de distribution qui couvre l\u2019ensemble du territoire national.\u00a0\u00a0<\/span><\/p><p><span style=\"font-weight: 400;\">Prowin assure la fourniture de profil\u00e9s adapt\u00e9s r\u00e9pondant aux attentes du client, aux exigences \u00e9conomiques et au respect de l&rsquo;environnement.<\/span><\/p>\t\t\t\t\t\t\t\t<\/div>\n\t\t\t\t<div class=\"elementor-element elementor-element-38fc2315 elementor-widget elementor-widget-button\" data-id=\"38fc2315\" data-element_type=\"widget\" data-e-type=\"widget\" data-widget_type=\"button.default\">\n\t\t\t\t\t\t\t\t\t\t<a class=\"elementor-button elementor-button-link elementor-size-md\" href=\"https:\/\/prowin-dz.com\/en\/nos-produits\/\">\n\t\t\t\t\t\t<span class=\"elementor-button-content-wrapper\">\n\t\t\t\t\t\t\t\t\t<span class=\"elementor-button-text\">D\u00e9couvrir Nos Produits<\/span>\n\t\t\t\t\t<\/span>\n\t\t\t\t\t<\/a>\n\t\t\t\t\t\t\t\t<\/div>\n\t\t\t\t<\/div>\n\t\t<div class=\"elementor-element elementor-element-2c5a3e53 e-con-full e-flex e-con e-child\" data-id=\"2c5a3e53\" data-element_type=\"container\" data-e-type=\"container\">\n\t\t\t\t<div class=\"elementor-element elementor-element-4335bca elementor-widget elementor-widget-image\" data-id=\"4335bca\" data-element_type=\"widget\" data-e-type=\"widget\" data-widget_type=\"image.default\">\n\t\t\t\t\t\t\t\t\t\t\t\t\t\t\t<img data-opt-id=1106581362  fetchpriority=\"high\" decoding=\"async\" width=\"992\" height=\"831\" src=\"https:\/\/mlkwjd6oyocc.i.optimole.com\/cb:247N.797d\/w:992\/h:831\/q:mauto\/f:best\/https:\/\/prowin-dz.com\/wp-content\/uploads\/2024\/02\/DSC_5983.webp\" class=\"attachment-full size-full wp-image-684\" alt=\"\" srcset=\"https:\/\/mlkwjd6oyocc.i.optimole.com\/cb:247N.797d\/w:992\/h:831\/q:mauto\/f:best\/https:\/\/prowin-dz.com\/wp-content\/uploads\/2024\/02\/DSC_5983.webp 992w, https:\/\/mlkwjd6oyocc.i.optimole.com\/cb:247N.797d\/w:300\/h:251\/q:mauto\/f:best\/https:\/\/prowin-dz.com\/wp-content\/uploads\/2024\/02\/DSC_5983.webp 300w, https:\/\/mlkwjd6oyocc.i.optimole.com\/cb:247N.797d\/w:768\/h:643\/q:mauto\/f:best\/https:\/\/prowin-dz.com\/wp-content\/uploads\/2024\/02\/DSC_5983.webp 768w, https:\/\/mlkwjd6oyocc.i.optimole.com\/cb:247N.797d\/w:14\/h:12\/q:mauto\/f:best\/https:\/\/prowin-dz.com\/wp-content\/uploads\/2024\/02\/DSC_5983.webp 14w, https:\/\/mlkwjd6oyocc.i.optimole.com\/cb:247N.797d\/w:992\/h:831\/q:mauto\/f:best\/dpr:2\/https:\/\/prowin-dz.com\/wp-content\/uploads\/2024\/02\/DSC_5983.webp 2x\" sizes=\"(max-width: 800px) 100vw, 800px\" \/>\t\t\t\t\t\t\t\t\t\t\t\t\t\t\t<\/div>\n\t\t\t\t<\/div>\n\t\t\t\t\t<\/div>\n\t\t\t\t<\/div>\n\t\t<div class=\"elementor-element elementor-element-61ddb51d e-flex e-con-boxed e-con e-parent\" data-id=\"61ddb51d\" data-element_type=\"container\" data-e-type=\"container\" data-settings=\"{&quot;background_background&quot;:&quot;classic&quot;}\">\n\t\t\t\t\t<div class=\"e-con-inner\">\n\t\t<div class=\"elementor-element elementor-element-ddf36d8 e-con-full e-flex e-con e-child\" data-id=\"ddf36d8\" data-element_type=\"container\" data-e-type=\"container\">\n\t\t\t\t<div class=\"elementor-element elementor-element-6a04195 elementor-widget elementor-widget-heading\" data-id=\"6a04195\" data-element_type=\"widget\" data-e-type=\"widget\" data-widget_type=\"heading.default\">\n\t\t\t\t\t<h2 class=\"elementor-heading-title elementor-size-default\">Des points de vente strat\u00e9giques<\/h2>\t\t\t\t<\/div>\n\t\t\t\t<div class=\"elementor-element elementor-element-4f3370c elementor-widget elementor-widget-text-editor\" data-id=\"4f3370c\" data-element_type=\"widget\" data-e-type=\"widget\" data-widget_type=\"text-editor.default\">\n\t\t\t\t\t\t\t\t\t<p><span style=\"font-weight: 400;\">Nous avons positionn\u00e9 diff\u00e9rents<\/span><b> points de vente<\/b><span style=\"font-weight: 400;\"> dans des zones cl\u00e9s pour une accessibilit\u00e9 optimale \u00e0 nos profil\u00e9s en PVC. Ces points de vente sont dirig\u00e9s par nos experts form\u00e9s, pr\u00eats \u00e0 fournir des informations approfondies sur nos produits et \u00e0 guider le client dans sa commande.<\/span><\/p><p><span style=\"font-weight: 400;\">Nous disposons d\u2019entrep\u00f4ts strat\u00e9giquement positionn\u00e9s dans plusieurs wilayas en Alg\u00e9rie et qui sont soigneusement con\u00e7us pour abriter les profil\u00e9s PVC destin\u00e9s \u00e0 nos clients.<\/span><\/p><p>\u00a0<\/p>\t\t\t\t\t\t\t\t<\/div>\n\t\t\t\t<\/div>\n\t\t<div class=\"elementor-element elementor-element-833df87 e-con-full e-flex e-con e-child\" data-id=\"833df87\" data-element_type=\"container\" data-e-type=\"container\">\n\t\t\t\t<div class=\"elementor-element elementor-element-26cf505 elementor-widget__width-initial elementor-widget elementor-widget-igmap\" data-id=\"26cf505\" data-element_type=\"widget\" data-e-type=\"widget\" data-widget_type=\"igmap.default\">\n\t\t\t\t<div class=\"elementor-widget-container\">\n\t\t\t\t\t<div class=\"igmap-elementor-widget\"><div class=\"map_wrapper\" id=\"map_wrapper_977\">\n<div class=\"map_box\" style=\"max-width:2000px\">\n<div class=\"map_aspect_ratio\" style=\"padding-top:56%\" data-padding-top=\"56%\" data-padding-top-mobile=\"0%\">\n<div class=\"map_container\">\n<div class=\"map_render map_loading\" id=\"map_977\"><\/div>\n<\/div>\n<\/div>\n<\/div>\n<\/div><\/div>\t\t\t\t<\/div>\n\t\t\t\t<\/div>\n\t\t\t\t<div class=\"elementor-element elementor-element-3ce4873 elementor-widget elementor-widget-spacer\" data-id=\"3ce4873\" data-element_type=\"widget\" data-e-type=\"widget\" data-widget_type=\"spacer.default\">\n\t\t\t\t\t\t\t<div class=\"elementor-spacer\">\n\t\t\t<div class=\"elementor-spacer-inner\"><\/div>\n\t\t<\/div>\n\t\t\t\t\t\t<\/div>\n\t\t\t\t<div class=\"elementor-element elementor-element-a929536 elementor-widget elementor-widget-heading\" data-id=\"a929536\" data-element_type=\"widget\" data-e-type=\"widget\" data-widget_type=\"heading.default\">\n\t\t\t\t\t<h3 class=\"elementor-heading-title elementor-size-default\">Nos Points de ventes<\/h3>\t\t\t\t<\/div>\n\t\t\t\t<\/div>\n\t\t\t\t<div class=\"elementor-element elementor-element-fc086bf elementor-widget__width-initial elementor-widget-tablet__width-initial elementor-hidden-mobile elementor-widget elementor-widget-image\" data-id=\"fc086bf\" data-element_type=\"widget\" data-e-type=\"widget\" data-widget_type=\"image.default\">\n\t\t\t\t\t\t\t\t\t\t\t\t\t\t\t<img data-opt-id=687825436  fetchpriority=\"high\" decoding=\"async\" src=\"https:\/\/cdn-icons-png.flaticon.com\/512\/5351\/5351282.png\" title=\"\" alt=\"\" loading=\"lazy\" \/>\t\t\t\t\t\t\t\t\t\t\t\t\t\t\t<\/div>\n\t\t\t\t<div class=\"elementor-element elementor-element-3e4bed3 elementor-widget__width-initial elementor-widget-mobile__width-inherit elementor-widget elementor-widget-text-editor\" data-id=\"3e4bed3\" data-element_type=\"widget\" data-e-type=\"widget\" data-widget_type=\"text-editor.default\">\n\t\t\t\t\t\t\t\t\t<p><span style=\"font-weight: 400;\">Notre <\/span><b>r\u00e9seau de distribution<\/b><span style=\"font-weight: 400;\"> ing\u00e9nieux garantit une disponibilit\u00e9 imm\u00e9diate du<\/span><b> profil\u00e9 en PVC<\/b><span style=\"font-weight: 400;\">, nous\u00a0<\/span><\/p><p><span style=\"font-weight: 400;\">permettant ainsi de r\u00e9pondre avec rapidit\u00e9 \u00e0 la demande r\u00e9gionale. Notre entreprise s\u2019engage donc \u00e0 fournir \u00e0 nos clients leurs commandes de PVC dans un d\u00e9lai qui varie entre <\/span><b>Trois<\/b><span style=\"font-weight: 400;\"> \u00ab\u00a003\u00a0\u00bb \u00e0 <\/span><b>Sept <\/b><span style=\"font-weight: 400;\">\u00ab 07 \u00bb jours maximum. Nous tenons \u00e9galement \u00e0 \u00eatre \u00e0 l\u2019\u00e9coute en assurant une r\u00e9activit\u00e9 Optimale pour prendre en charges tous vos besoins.<\/span><\/p>\t\t\t\t\t\t\t\t<\/div>\n\t\t\t\t\t<\/div>\n\t\t\t\t<\/div>\n\t\t<div class=\"elementor-element elementor-element-f7a28a0 e-flex e-con-boxed e-con e-parent\" data-id=\"f7a28a0\" data-element_type=\"container\" data-e-type=\"container\" data-settings=\"{&quot;background_background&quot;:&quot;gradient&quot;}\">\n\t\t\t\t\t<div class=\"e-con-inner\">\n\t\t\t\t<div class=\"elementor-element elementor-element-5c7a10e elementor-widget elementor-widget-heading\" data-id=\"5c7a10e\" data-element_type=\"widget\" data-e-type=\"widget\" data-widget_type=\"heading.default\">\n\t\t\t\t\t<h2 class=\"elementor-heading-title elementor-size-default\">Livraison \u00e0 travers le territoire national\n<\/h2>\t\t\t\t<\/div>\n\t\t\t\t<div class=\"elementor-element elementor-element-50e9ab5 elementor-widget elementor-widget-text-editor\" data-id=\"50e9ab5\" data-element_type=\"widget\" data-e-type=\"widget\" data-widget_type=\"text-editor.default\">\n\t\t\t\t\t\t\t\t\t<p><span style=\"font-weight: 400;\">Notre r\u00e9seau de distribution est con\u00e7u pour offrir une exp\u00e9rience transparente et pratique. Que ce soit \u00e0 travers nos points de vente physiques, nos partenariats avec des distributeurs, nos plateformes en ligne ou notre service de livraison d\u00e9di\u00e9, notre engagement est de rendre nos profil\u00e9s en PVC facilement accessibles \u00e0 ceux qui recherchent des solutions de qualit\u00e9 pour leurs portes et fen\u00eatres.&nbsp;<\/span><\/p>\n<p><span style=\"font-weight: 400;\">D\u00e9couvrez la commodit\u00e9 et l&rsquo;excellence avec nos produits, o\u00f9 que vous soyez. Nous assurons un service de livraison fiable et efficace, garantissant que nos profil\u00e9s en<\/span> <b>PVC<\/b><span style=\"font-weight: 400;\"> parviennent \u00e0 destination en toute s\u00e9curit\u00e9.<\/span><\/p>\t\t\t\t\t\t\t\t<\/div>\n\t\t\t\t\t<\/div>\n\t\t\t\t<\/div>\n\t\t\t\t<\/div>","protected":false},"excerpt":{"rendered":"<p>R\u00e9seau de distribution R\u00e9seau de distribution des profil\u00e9s PVC Prowin Pour offrir une couverture optimale, une livraison rapide et un service exceptionnel \u00e0 nos pr\u00e9cieux clients, nous avons m\u00e9ticuleusement con\u00e7u notre r\u00e9seau de distribution qui couvre l\u2019ensemble du territoire national.\u00a0\u00a0 Prowin assure la fourniture de profil\u00e9s adapt\u00e9s r\u00e9pondant aux attentes du client, aux exigences \u00e9conomiques [&hellip;]<\/p>\n","protected":false},"author":1,"featured_media":0,"parent":0,"menu_order":0,"comment_status":"closed","ping_status":"closed","template":"","meta":{"footnotes":""},"class_list":["post-186","page","type-page","status-publish","hentry"],"_links":{"self":[{"href":"https:\/\/prowin-dz.com\/en\/wp-json\/wp\/v2\/pages\/186","targetHints":{"allow":["GET"]}}],"collection":[{"href":"https:\/\/prowin-dz.com\/en\/wp-json\/wp\/v2\/pages"}],"about":[{"href":"https:\/\/prowin-dz.com\/en\/wp-json\/wp\/v2\/types\/page"}],"author":[{"embeddable":true,"href":"https:\/\/prowin-dz.com\/en\/wp-json\/wp\/v2\/users\/1"}],"replies":[{"embeddable":true,"href":"https:\/\/prowin-dz.com\/en\/wp-json\/wp\/v2\/comments?post=186"}],"version-history":[{"count":3,"href":"https:\/\/prowin-dz.com\/en\/wp-json\/wp\/v2\/pages\/186\/revisions"}],"predecessor-version":[{"id":1052,"href":"https:\/\/prowin-dz.com\/en\/wp-json\/wp\/v2\/pages\/186\/revisions\/1052"}],"wp:attachment":[{"href":"https:\/\/prowin-dz.com\/en\/wp-json\/wp\/v2\/media?parent=186"}],"curies":[{"name":"wp","href":"https:\/\/api.w.org\/{rel}","templated":true}]}}