{"id":1393,"date":"2026-04-12T10:24:11","date_gmt":"2026-04-12T10:24:11","guid":{"rendered":"https:\/\/prowin-dz.com\/?page_id=1393"},"modified":"2026-04-12T10:24:31","modified_gmt":"2026-04-12T10:24:31","slug":"notre-entreprise-presente-au-salon-de-batimatec-dalger","status":"publish","type":"page","link":"https:\/\/prowin-dz.com\/en\/notre-entreprise-presente-au-salon-de-batimatec-dalger\/","title":{"rendered":"Notre entreprise pr\u00e9sente au Salon de BATIMATEC d\u2019Alger"},"content":{"rendered":"<div data-elementor-type=\"wp-page\" data-elementor-id=\"1393\" class=\"elementor elementor-1393\" data-elementor-post-type=\"page\">\n\t\t\t\t<div class=\"elementor-element elementor-element-19beecfc e-flex e-con-boxed e-con e-parent\" data-id=\"19beecfc\" data-element_type=\"container\" data-e-type=\"container\">\n\t\t\t\t\t<div class=\"e-con-inner\">\n\t\t\t\t<div class=\"elementor-element elementor-element-f83d558 elementor-widget elementor-widget-text-editor\" data-id=\"f83d558\" data-element_type=\"widget\" data-e-type=\"widget\" data-widget_type=\"text-editor.default\">\n\t\t\t\t\t\t\t\t\t\n<p><img fetchpriority=\"high\" decoding=\"async\" data-opt-id=\"6663075\" data-opt-src=\"https:\/\/mlkwjd6oyocc.i.optimole.com\/cb:247N.797d\/w:300\/h:132\/q:mauto\/f:best\/https:\/\/prowin-dz.com\/wp-content\/uploads\/2026\/04\/Batimatec-Expo-2026.png\"  class=\"alignleft size-medium wp-image-1394\"  src=\"data:image\/svg+xml,%3Csvg%20viewBox%3D%220%200%20300%20132%22%20width%3D%22300%22%20height%3D%22132%22%20xmlns%3D%22http%3A%2F%2Fwww.w3.org%2F2000%2Fsvg%22%3E%3Crect%20width%3D%22300%22%20height%3D%22132%22%20fill%3D%22transparent%22%2F%3E%3C%2Fsvg%3E\" alt=\"\" width=\"300\" height=\"132\" srcset=\"https:\/\/mlkwjd6oyocc.i.optimole.com\/cb:247N.797d\/w:960\/h:422\/q:mauto\/f:best\/https:\/\/prowin-dz.com\/wp-content\/uploads\/2026\/04\/Batimatec-Expo-2026.png 960w, https:\/\/mlkwjd6oyocc.i.optimole.com\/cb:247N.797d\/w:300\/h:132\/q:mauto\/f:best\/https:\/\/prowin-dz.com\/wp-content\/uploads\/2026\/04\/Batimatec-Expo-2026.png 300w, https:\/\/mlkwjd6oyocc.i.optimole.com\/cb:247N.797d\/w:768\/h:338\/q:mauto\/f:best\/https:\/\/prowin-dz.com\/wp-content\/uploads\/2026\/04\/Batimatec-Expo-2026.png 768w, https:\/\/mlkwjd6oyocc.i.optimole.com\/cb:247N.797d\/w:18\/h:8\/q:mauto\/f:best\/https:\/\/prowin-dz.com\/wp-content\/uploads\/2026\/04\/Batimatec-Expo-2026.png 18w, https:\/\/mlkwjd6oyocc.i.optimole.com\/cb:247N.797d\/w:960\/h:422\/q:mauto\/f:best\/dpr:2\/https:\/\/prowin-dz.com\/wp-content\/uploads\/2026\/04\/Batimatec-Expo-2026.png 2x\" sizes=\"(max-width: 300px) 100vw, 300px\" \/>Nous avons le plaisir de vous annoncer la participation de notre entreprise \u00e0 la 28\u1d49 \u00e9dition du salon international du B\u00e2timent, des Mat\u00e9riaux de Construction et des Travaux Publics (BATIMATEC), qui se tiendra \u00e0 Alger du 03 au 07 mai 2026.<\/p>\n\n<p>Cet \u00e9v\u00e9nement sera une excellente occasion de vous faire d\u00e9couvrir nos nouveaux profil\u00e9s en PVC notamment color\u00e9s, notre innovation ainsi que notre savoir-faire.<\/p>\n\n<p>Notre \u00e9quipe sera pr\u00e9sente pour \u00e9changer avec vous, r\u00e9pondre \u00e0 toutes vos questions et vous accompagner dans vos projets.<\/p>\n\n<p>Nous serions ravis de vous accueillir, n\u2019h\u00e9sitez pas \u00e0 venir nombreux et soyez les bienvenus !<\/p>\n\t\t\t\t\t\t\t\t<\/div>\n\t\t\t\t\t<\/div>\n\t\t\t\t<\/div>\n\t\t\t\t<\/div>","protected":false},"excerpt":{"rendered":"<p>Nous avons le plaisir de vous annoncer la participation de notre entreprise \u00e0 la 28\u1d49 \u00e9dition du salon international du B\u00e2timent, des Mat\u00e9riaux de Construction et des Travaux Publics (BATIMATEC), qui se tiendra \u00e0 Alger du 03 au 07 mai 2026. Cet \u00e9v\u00e9nement sera une excellente occasion de vous faire d\u00e9couvrir nos nouveaux profil\u00e9s en [&hellip;]<\/p>\n","protected":false},"author":1,"featured_media":0,"parent":0,"menu_order":0,"comment_status":"closed","ping_status":"closed","template":"","meta":{"footnotes":""},"class_list":["post-1393","page","type-page","status-publish","hentry"],"_links":{"self":[{"href":"https:\/\/prowin-dz.com\/en\/wp-json\/wp\/v2\/pages\/1393","targetHints":{"allow":["GET"]}}],"collection":[{"href":"https:\/\/prowin-dz.com\/en\/wp-json\/wp\/v2\/pages"}],"about":[{"href":"https:\/\/prowin-dz.com\/en\/wp-json\/wp\/v2\/types\/page"}],"author":[{"embeddable":true,"href":"https:\/\/prowin-dz.com\/en\/wp-json\/wp\/v2\/users\/1"}],"replies":[{"embeddable":true,"href":"https:\/\/prowin-dz.com\/en\/wp-json\/wp\/v2\/comments?post=1393"}],"version-history":[{"count":3,"href":"https:\/\/prowin-dz.com\/en\/wp-json\/wp\/v2\/pages\/1393\/revisions"}],"predecessor-version":[{"id":1397,"href":"https:\/\/prowin-dz.com\/en\/wp-json\/wp\/v2\/pages\/1393\/revisions\/1397"}],"wp:attachment":[{"href":"https:\/\/prowin-dz.com\/en\/wp-json\/wp\/v2\/media?parent=1393"}],"curies":[{"name":"wp","href":"https:\/\/api.w.org\/{rel}","templated":true}]}}