{"id":1384,"date":"2026-04-02T11:31:03","date_gmt":"2026-04-02T11:31:03","guid":{"rendered":"https:\/\/prowin-dz.com\/?page_id=1384"},"modified":"2026-04-05T08:10:01","modified_gmt":"2026-04-05T08:10:01","slug":"lentreprise-ets-hacene-aliane-prowin-revolutionne-vos-portes-et-fenetres-avec-sa-nouvelle-generation-de-profiles-pvc-colores","status":"publish","type":"page","link":"https:\/\/prowin-dz.com\/en\/lentreprise-ets-hacene-aliane-prowin-revolutionne-vos-portes-et-fenetres-avec-sa-nouvelle-generation-de-profiles-pvc-colores\/","title":{"rendered":"L\u2019Entreprise ETS HACENE ALIANE PROWIN r\u00e9volutionne vos portes et fen\u00eatres avec sa nouvelle g\u00e9n\u00e9ration de profil\u00e9s PVC color\u00e9s"},"content":{"rendered":"<div data-elementor-type=\"wp-page\" data-elementor-id=\"1384\" class=\"elementor elementor-1384\" data-elementor-post-type=\"page\">\n\t\t\t\t<div class=\"elementor-element elementor-element-697776de e-flex e-con-boxed e-con e-parent\" data-id=\"697776de\" data-element_type=\"container\" data-e-type=\"container\">\n\t\t\t\t\t<div class=\"e-con-inner\">\n\t\t\t\t<div class=\"elementor-element elementor-element-5fbea51b elementor-widget elementor-widget-text-editor\" data-id=\"5fbea51b\" data-element_type=\"widget\" data-e-type=\"widget\" data-widget_type=\"text-editor.default\">\n\t\t\t\t\t\t\t\t\t\n<p><img fetchpriority=\"high\" decoding=\"async\" data-opt-id=\"1629197614\" class=\"alignleft size-full wp-image-1257\"  src=\"https:\/\/mlkwjd6oyocc.i.optimole.com\/cb:247N.797d\/w:auto\/h:auto\/q:mauto\/f:best\/https:\/\/prowin-dz.com\/wp-content\/uploads\/2025\/12\/Profiles-colores.jpeg\" alt=\"\" width=\"275\" height=\"183\" srcset=\"https:\/\/mlkwjd6oyocc.i.optimole.com\/cb:247N.797d\/w:275\/h:183\/q:mauto\/f:best\/https:\/\/prowin-dz.com\/wp-content\/uploads\/2025\/12\/Profiles-colores.jpeg 275w, https:\/\/mlkwjd6oyocc.i.optimole.com\/cb:247N.797d\/w:18\/h:12\/q:mauto\/f:best\/https:\/\/prowin-dz.com\/wp-content\/uploads\/2025\/12\/Profiles-colores.jpeg 18w, https:\/\/mlkwjd6oyocc.i.optimole.com\/cb:247N.797d\/w:275\/h:183\/q:mauto\/f:best\/dpr:2\/https:\/\/prowin-dz.com\/wp-content\/uploads\/2025\/12\/Profiles-colores.jpeg 2x\" sizes=\"(max-width: 275px) 100vw, 275px\" \/>L\u2019entreprise ETS HACENE ALIANE PROWIN \u00a0est heureuse de vous annoncer le lancement de notre nouvelle gamme de profil\u00e9s PVC color\u00e9s, sp\u00e9cialement con\u00e7ue pour sublimer la fabrication de portes et fen\u00eatres modernes.<\/p>\n\n<p>Combinant l\u2019\u00e9l\u00e9gance, la r\u00e9sistance et la performance, ces nouveaux profil\u00e9s color\u00e9s offrent une alternative esth\u00e9tique aux profil\u00e9s PVC blancs classiques, tout en r\u00e9pondant aux exigences actuelles de l\u2019architecture contemporaine.<\/p>\n\n<p>Une large palette de couleurs sera d\u00e9sormais disponible, incluant des finitions mates, brillantes ainsi que des effets imitation bois, permettant de r\u00e9pondre \u00e0 tous les styles aux exigences sp\u00e9cifiques des clients.<\/p>\n\n<p>La fabrication des profil\u00e9s s\u2019effectue exclusivement sur commande, selon les besoins et les demandes pr\u00e9cises du client.<\/p>\n\n<p>\u00a0<\/p>\n\t\t\t\t\t\t\t\t<\/div>\n\t\t\t\t\t<\/div>\n\t\t\t\t<\/div>\n\t\t\t\t<\/div>","protected":false},"excerpt":{"rendered":"<p>L\u2019entreprise ETS HACENE ALIANE PROWIN \u00a0est heureuse de vous annoncer le lancement de notre nouvelle gamme de profil\u00e9s PVC color\u00e9s, sp\u00e9cialement con\u00e7ue pour sublimer la fabrication de portes et fen\u00eatres modernes. Combinant l\u2019\u00e9l\u00e9gance, la r\u00e9sistance et la performance, ces nouveaux profil\u00e9s color\u00e9s offrent une alternative esth\u00e9tique aux profil\u00e9s PVC blancs classiques, tout en r\u00e9pondant aux [&hellip;]<\/p>\n","protected":false},"author":1,"featured_media":0,"parent":0,"menu_order":0,"comment_status":"closed","ping_status":"closed","template":"","meta":{"footnotes":""},"class_list":["post-1384","page","type-page","status-publish","hentry"],"_links":{"self":[{"href":"https:\/\/prowin-dz.com\/en\/wp-json\/wp\/v2\/pages\/1384","targetHints":{"allow":["GET"]}}],"collection":[{"href":"https:\/\/prowin-dz.com\/en\/wp-json\/wp\/v2\/pages"}],"about":[{"href":"https:\/\/prowin-dz.com\/en\/wp-json\/wp\/v2\/types\/page"}],"author":[{"embeddable":true,"href":"https:\/\/prowin-dz.com\/en\/wp-json\/wp\/v2\/users\/1"}],"replies":[{"embeddable":true,"href":"https:\/\/prowin-dz.com\/en\/wp-json\/wp\/v2\/comments?post=1384"}],"version-history":[{"count":4,"href":"https:\/\/prowin-dz.com\/en\/wp-json\/wp\/v2\/pages\/1384\/revisions"}],"predecessor-version":[{"id":1391,"href":"https:\/\/prowin-dz.com\/en\/wp-json\/wp\/v2\/pages\/1384\/revisions\/1391"}],"wp:attachment":[{"href":"https:\/\/prowin-dz.com\/en\/wp-json\/wp\/v2\/media?parent=1384"}],"curies":[{"name":"wp","href":"https:\/\/api.w.org\/{rel}","templated":true}]}}