{"id":1346,"date":"2025-12-23T09:13:12","date_gmt":"2025-12-23T09:13:12","guid":{"rendered":"https:\/\/prowin-dz.com\/?page_id=1346"},"modified":"2025-12-23T09:19:01","modified_gmt":"2025-12-23T09:19:01","slug":"lentreprise-ets-hacene-aliane-prowin-certifiee-par-la-coface","status":"publish","type":"page","link":"https:\/\/prowin-dz.com\/en\/lentreprise-ets-hacene-aliane-prowin-certifiee-par-la-coface\/","title":{"rendered":"L&rsquo;Entreprise ETS HACENE ALIANE PROWIN certifi\u00e9e par la COFACE"},"content":{"rendered":"<div data-elementor-type=\"wp-page\" data-elementor-id=\"1346\" class=\"elementor elementor-1346\" data-elementor-post-type=\"page\">\n\t\t\t\t<div class=\"elementor-element elementor-element-b0138d9 e-flex e-con-boxed e-con e-parent\" data-id=\"b0138d9\" data-element_type=\"container\" data-e-type=\"container\">\n\t\t\t\t\t<div class=\"e-con-inner\">\n\t\t\t\t<div class=\"elementor-element elementor-element-2b36af2a elementor-widget elementor-widget-text-editor\" data-id=\"2b36af2a\" data-element_type=\"widget\" data-e-type=\"widget\" data-widget_type=\"text-editor.default\">\n\t\t\t\t\t\t\t\t\t\n<p><img fetchpriority=\"high\" decoding=\"async\" data-opt-id=\"1177475604\" class=\"alignleft size-medium wp-image-649\"  src=\"https:\/\/mlkwjd6oyocc.i.optimole.com\/O55drk8-2KTQqJKI\/w:300\/h:133\/cb:247N.797d\/f:best\/q:mauto\/id:a75281a6dc70a1fe45c7791786969e80\/https:\/\/prowin-dz.com\/ssss.webp\" alt=\"\" width=\"300\" height=\"133\" \/>La Compagnie Fran\u00e7aise d\u2019Assurance (Coface) pour le commerce ext\u00e9rieur vient de d\u00e9cerner le <strong>Certificat Quality Label \u00e0 l\u2019Entreprise ETS HACENE ALIANE PROWIN.<\/strong><\/p>\n\n<p>Cette reconnaissance vient consacrer l\u2019excellence de notre comportement de paiement et notre engagement constant envers nos partenaires.<\/p>\n\n<p>Ce label, attribu\u00e9 par la <strong>Coface<\/strong>, un acteur mondial de r\u00e9f\u00e9rence dans l\u2019assurance-cr\u00e9dit n\u2019est accord\u00e9 qu\u2019\u00e0 un nombre limit\u00e9 d\u2019entreprises qui r\u00e9pondent \u00e0 des crit\u00e8res tr\u00e8s stricts.<\/p>\n\n<p>L\u2019\u00e9valuation a port\u00e9 sur notre solidit\u00e9 financi\u00e8re, la r\u00e9gularit\u00e9 de nos paiements, notre ma\u00eetrise des risques, la transparence de nos informations et la qualit\u00e9 de nos pratiques de gestion.<\/p>\n\n<p>Cette certification est le fruit de notre engagement continu en faveur des meilleures pratiques.<\/p>\n\n<p>C\u2019est aussi un gage de confiance et de cr\u00e9dibilit\u00e9 pour nos partenaires, nos fournisseurs et les institutions financi\u00e8res.<\/p>\n\n<p>Elle nous ouvre \u00e9galement de nouvelles portes sur les march\u00e9s internationaux et facilite nos projets d\u2019exportation.<\/p>\n\n<p>Dans un contexte \u00e9conomique toujours plus exigeant, ce label Coface constitue un atout strat\u00e9gique.<\/p>\n\n<p>Il renforce l\u2019image de notre entreprise et confirme notre capacit\u00e9 \u00e0 nous d\u00e9velopper durablement, en pla\u00e7ant la qualit\u00e9, la performance et la cr\u00e9dibilit\u00e9 au c\u0153ur de nos actions.\u00a0\u00a0\u00a0\u00a0\u00a0\u00a0\u00a0\u00a0\u00a0\u00a0\u00a0\u00a0\u00a0\u00a0\u00a0\u00a0\u00a0\u00a0\u00a0\u00a0\u00a0\u00a0\u00a0\u00a0\u00a0\u00a0\u00a0\u00a0\u00a0\u00a0\u00a0\u00a0\u00a0\u00a0\u00a0\u00a0\u00a0\u00a0\u00a0\u00a0\u00a0\u00a0\u00a0\u00a0\u00a0\u00a0\u00a0\u00a0\u00a0\u00a0\u00a0\u00a0\u00a0\u00a0\u00a0\u00a0\u00a0\u00a0\u00a0\u00a0\u00a0\u00a0\u00a0\u00a0\u00a0\u00a0\u00a0\u00a0\u00a0\u00a0\u00a0\u00a0\u00a0\u00a0\u00a0\u00a0\u00a0\u00a0\u00a0\u00a0\u00a0\u00a0\u00a0\u00a0\u00a0\u00a0\u00a0\u00a0\u00a0\u00a0\u00a0\u00a0\u00a0\u00a0\u00a0\u00a0\u00a0\u00a0\u00a0\u00a0\u00a0\u00a0\u00a0\u00a0\u00a0\u00a0\u00a0\u00a0\u00a0\u00a0\u00a0\u00a0\u00a0\u00a0\u00a0\u00a0\u00a0\u00a0\u00a0\u00a0\u00a0\u00a0\u00a0\u00a0\u00a0\u00a0\u00a0\u00a0\u00a0\u00a0\u00a0\u00a0\u00a0 \u00a0\u00a0\u00a0\u00a0\u00a0\u00a0\u00a0\u00a0\u00a0\u00a0\u00a0\u00a0\u00a0\u00a0\u00a0\u00a0\u00a0\u00a0\u00a0\u00a0\u00a0\u00a0\u00a0\u00a0\u00a0\u00a0\u00a0\u00a0\u00a0\u00a0\u00a0\u00a0\u00a0\u00a0\u00a0\u00a0\u00a0\u00a0\u00a0\u00a0\u00a0\u00a0\u00a0\u00a0\u00a0\u00a0\u00a0\u00a0<\/p>\n\n<p>Avec cette distinction,<strong> l\u2019Entreprise ETS ALIANE HACENE<\/strong> r\u00e9affirme sa volont\u00e9 de contribuer activement au d\u00e9veloppement \u00e9conomique, en s\u2019appuyant sur des standards reconnus et une gouvernance responsable.<\/p>\n\n<p>\u00a0<\/p>\n\t\t\t\t\t\t\t\t<\/div>\n\t\t\t\t\t<\/div>\n\t\t\t\t<\/div>\n\t\t\t\t<\/div>","protected":false},"excerpt":{"rendered":"<p>La Compagnie Fran\u00e7aise d\u2019Assurance (Coface) pour le commerce ext\u00e9rieur vient de d\u00e9cerner le Certificat Quality Label \u00e0 l\u2019Entreprise ETS HACENE ALIANE PROWIN. Cette reconnaissance vient consacrer l\u2019excellence de notre comportement de paiement et notre engagement constant envers nos partenaires. Ce label, attribu\u00e9 par la Coface, un acteur mondial de r\u00e9f\u00e9rence dans l\u2019assurance-cr\u00e9dit n\u2019est accord\u00e9 qu\u2019\u00e0 [&hellip;]<\/p>\n","protected":false},"author":1,"featured_media":0,"parent":0,"menu_order":0,"comment_status":"closed","ping_status":"closed","template":"","meta":{"footnotes":""},"class_list":["post-1346","page","type-page","status-publish","hentry"],"_links":{"self":[{"href":"https:\/\/prowin-dz.com\/en\/wp-json\/wp\/v2\/pages\/1346","targetHints":{"allow":["GET"]}}],"collection":[{"href":"https:\/\/prowin-dz.com\/en\/wp-json\/wp\/v2\/pages"}],"about":[{"href":"https:\/\/prowin-dz.com\/en\/wp-json\/wp\/v2\/types\/page"}],"author":[{"embeddable":true,"href":"https:\/\/prowin-dz.com\/en\/wp-json\/wp\/v2\/users\/1"}],"replies":[{"embeddable":true,"href":"https:\/\/prowin-dz.com\/en\/wp-json\/wp\/v2\/comments?post=1346"}],"version-history":[{"count":3,"href":"https:\/\/prowin-dz.com\/en\/wp-json\/wp\/v2\/pages\/1346\/revisions"}],"predecessor-version":[{"id":1355,"href":"https:\/\/prowin-dz.com\/en\/wp-json\/wp\/v2\/pages\/1346\/revisions\/1355"}],"wp:attachment":[{"href":"https:\/\/prowin-dz.com\/en\/wp-json\/wp\/v2\/media?parent=1346"}],"curies":[{"name":"wp","href":"https:\/\/api.w.org\/{rel}","templated":true}]}}