{"id":1254,"date":"2025-12-01T10:32:04","date_gmt":"2025-12-01T10:32:04","guid":{"rendered":"https:\/\/prowin-dz.com\/?page_id=1254"},"modified":"2025-12-07T10:40:57","modified_gmt":"2025-12-07T10:40:57","slug":"lancement-prochain-des-profiles-colores-en-pvc-pour-portes-fenetres","status":"publish","type":"page","link":"https:\/\/prowin-dz.com\/en\/lancement-prochain-des-profiles-colores-en-pvc-pour-portes-fenetres\/","title":{"rendered":"Lancement prochain des profil\u00e9s color\u00e9s en PVC pour Portes &#038; Fen\u00eatres"},"content":{"rendered":"<div data-elementor-type=\"wp-page\" data-elementor-id=\"1254\" class=\"elementor elementor-1254\" data-elementor-post-type=\"page\">\n\t\t\t\t<div class=\"elementor-element elementor-element-78cd03be e-flex e-con-boxed e-con e-parent\" data-id=\"78cd03be\" data-element_type=\"container\" data-e-type=\"container\" data-settings=\"{&quot;background_background&quot;:&quot;classic&quot;}\">\n\t\t\t\t\t<div class=\"e-con-inner\">\n\t\t<div class=\"elementor-element elementor-element-10167ae4 e-flex e-con-boxed e-con e-child\" data-id=\"10167ae4\" data-element_type=\"container\" data-e-type=\"container\">\n\t\t\t\t\t<div class=\"e-con-inner\">\n\t\t\t\t<div class=\"elementor-element elementor-element-4bb8cfd9 elementor-widget elementor-widget-heading\" data-id=\"4bb8cfd9\" data-element_type=\"widget\" data-e-type=\"widget\" data-widget_type=\"heading.default\">\n\t\t\t\t\t<h1 class=\"elementor-heading-title elementor-size-default\">Lancement prochain des profil\u00e9s color\u00e9s en PVC pour Portes &#038; Fen\u00eatres<\/h1>\t\t\t\t<\/div>\n\t\t\t\t\t<\/div>\n\t\t\t\t<\/div>\n\t\t\t\t\t<\/div>\n\t\t\t\t<\/div>\n\t\t<div class=\"elementor-element elementor-element-6721075 e-flex e-con-boxed e-con e-parent\" data-id=\"6721075\" data-element_type=\"container\" data-e-type=\"container\">\n\t\t\t\t\t<div class=\"e-con-inner\">\n\t\t<div class=\"elementor-element elementor-element-0da2ab2 e-con-full e-flex e-con e-child\" data-id=\"0da2ab2\" data-element_type=\"container\" data-e-type=\"container\">\n\t\t<div class=\"elementor-element elementor-element-84f872a e-flex e-con-boxed e-con e-child\" data-id=\"84f872a\" data-element_type=\"container\" data-e-type=\"container\" data-settings=\"{&quot;background_background&quot;:&quot;classic&quot;}\">\n\t\t\t\t\t<div class=\"e-con-inner\">\n\t\t\t\t\t<\/div>\n\t\t\t\t<\/div>\n\t\t\t\t<\/div>\n\t\t<div class=\"elementor-element elementor-element-a722aea e-con-full e-flex e-con e-child\" data-id=\"a722aea\" data-element_type=\"container\" data-e-type=\"container\">\n\t\t\t\t<div class=\"elementor-element elementor-element-e71a547 elementor-widget elementor-widget-text-editor\" data-id=\"e71a547\" data-element_type=\"widget\" data-e-type=\"widget\" data-widget_type=\"text-editor.default\">\n\t\t\t\t\t\t\t\t\t<p>Dans le cadre de son d\u00e9veloppement,de sa politique d\u2019innovation et de diversification, l\u2019entreprise <strong>ETS HACENE ALIANE PROWIN<\/strong> se propose de lancer, dans les mois qui viennent, une nouvelle gamme de profil\u00e9s PVC color\u00e9s de 05 chambres 70 mm destin\u00e9s \u00e0 la confection de portes et fen\u00eatres.<\/p><p>Cet \u00e9v\u00e8nement constitue un fait marquant dans l\u2019histoire de l\u2019entreprise et dans la prolongation de son engagement responsable \u00e0 proposer des solutions \u00e0 la fois esth\u00e9tique et fonctionnelle en rapport avec les attentes de nos partenaires et de nos clients.<\/p><p>Ces nouveaux profil\u00e9s PVC color\u00e9s, d\u2019un design moderne,d\u2019une grande solidit\u00e9, viennent enrichir la gamme de profil\u00e9s PVC blanc et offrant une personnalisation \u00e9l\u00e9gante en phase avec les tendances architecturales contemporaines.<\/p><p>Gr\u00e2ce \u00e0 des proc\u00e9d\u00e9s de pointe, ces teintes de rev\u00eatement externe de 03 couches offrant une excellente r\u00e9sistance aux rayons ultraviolets (UV) ainsi qu\u2019une durabilit\u00e9 exceptionnelle face aux rigueurs climatiques.<\/p><p>Ce lancement se veut un engagement envers nos partenaires et nos clients des solutions \u00e0 la fois esth\u00e9tique, technique et durable.<\/p>\t\t\t\t\t\t\t\t<\/div>\n\t\t\t\t<\/div>\n\t\t\t\t\t<\/div>\n\t\t\t\t<\/div>\n\t\t<div class=\"elementor-element elementor-element-d5d03e4 e-flex e-con-boxed e-con e-parent\" data-id=\"d5d03e4\" data-element_type=\"container\" data-e-type=\"container\" data-settings=\"{&quot;background_background&quot;:&quot;classic&quot;}\">\n\t\t\t\t\t<div class=\"e-con-inner\">\n\t\t<div class=\"elementor-element elementor-element-adb16ac e-con-full e-flex e-con e-child\" data-id=\"adb16ac\" data-element_type=\"container\" data-e-type=\"container\">\n\t\t\t\t<div class=\"elementor-element elementor-element-44597d1 elementor-widget elementor-widget-text-editor\" data-id=\"44597d1\" data-element_type=\"widget\" data-e-type=\"widget\" data-widget_type=\"text-editor.default\">\n\t\t\t\t\t\t\t\t\t<p>Pour <strong>M.Hac\u00e8ne ALIANE, Pr\u00e9sident Directeur G\u00e9n\u00e9ral<\/strong>, le nouveau profil\u00e9 de PVC color\u00e9 est le d\u00e9but d\u2019un nouveau monde de potentialit\u00e9 en termes de design,de construction pour les menuisiers et les architectes.<\/p><p>Une vaste gamme de couleurs sera propos\u00e9e pour les profil\u00e9s, y compris des finitions mates, brillantes et imitation bois, afin de s&rsquo;ajuster \u00e0 tous les styles<\/p><p>\u00ab Du plus moderne au plus traditionnel \u00bb.<\/p><p>Outre leur charme esth\u00e9tique, ces profil\u00e9s maintiennent toutes les caract\u00e9ristiques appr\u00e9ci\u00e9es du PVC : une isolation thermique,acoustique performante, une facilit\u00e9 d&rsquo;entretien et un excellent rapport qualit\u00e9-prix.<\/p><p>Ce lancement consolide la place de l&rsquo;entreprise <strong>ETS HACENE ALIANE PROWIN <\/strong>en tant qu&rsquo;acteur cl\u00e9 de l&rsquo;extrusion de profil\u00e9s en PVC en Alg\u00e9rie, tout en soulignant son slogan centr\u00e9 sur l&rsquo;innovation et la satisfaction du client.<\/p>\t\t\t\t\t\t\t\t<\/div>\n\t\t\t\t<\/div>\n\t\t\t\t\t<\/div>\n\t\t\t\t<\/div>\n\t\t\t\t<\/div>","protected":false},"excerpt":{"rendered":"<p>Dans le cadre de son d\u00e9veloppement,de sa politique d\u2019innovation et de diversification, l\u2019entreprise ETS HACENE ALIANE PROWIN se propose de lancer, dans les mois qui viennent, une nouvelle gamme de profil\u00e9s PVC color\u00e9s de 05 chambres 70 mm destin\u00e9s \u00e0 la confection de portes et fen\u00eatres. Cet \u00e9v\u00e8nement constitue un fait marquant dans l\u2019histoire de [&hellip;]<\/p>\n","protected":false},"author":1,"featured_media":0,"parent":0,"menu_order":0,"comment_status":"closed","ping_status":"closed","template":"","meta":{"footnotes":""},"class_list":["post-1254","page","type-page","status-publish","hentry"],"_links":{"self":[{"href":"https:\/\/prowin-dz.com\/en\/wp-json\/wp\/v2\/pages\/1254","targetHints":{"allow":["GET"]}}],"collection":[{"href":"https:\/\/prowin-dz.com\/en\/wp-json\/wp\/v2\/pages"}],"about":[{"href":"https:\/\/prowin-dz.com\/en\/wp-json\/wp\/v2\/types\/page"}],"author":[{"embeddable":true,"href":"https:\/\/prowin-dz.com\/en\/wp-json\/wp\/v2\/users\/1"}],"replies":[{"embeddable":true,"href":"https:\/\/prowin-dz.com\/en\/wp-json\/wp\/v2\/comments?post=1254"}],"version-history":[{"count":3,"href":"https:\/\/prowin-dz.com\/en\/wp-json\/wp\/v2\/pages\/1254\/revisions"}],"predecessor-version":[{"id":1341,"href":"https:\/\/prowin-dz.com\/en\/wp-json\/wp\/v2\/pages\/1254\/revisions\/1341"}],"wp:attachment":[{"href":"https:\/\/prowin-dz.com\/en\/wp-json\/wp\/v2\/media?parent=1254"}],"curies":[{"name":"wp","href":"https:\/\/api.w.org\/{rel}","templated":true}]}}