{"id":1142,"date":"2025-10-31T09:41:23","date_gmt":"2025-10-31T09:41:23","guid":{"rendered":"https:\/\/prowin-dz.com\/?page_id=1142"},"modified":"2025-12-07T09:26:07","modified_gmt":"2025-12-07T09:26:07","slug":"lancement-bientot-de-la-nouvelle-serie-de-profiles-70-en-pvc-pour-fenetres","status":"publish","type":"page","link":"https:\/\/prowin-dz.com\/en\/lancement-bientot-de-la-nouvelle-serie-de-profiles-70-en-pvc-pour-fenetres\/","title":{"rendered":"Nouvelle Gamme 70 pour fen\u00eatres"},"content":{"rendered":"<div data-elementor-type=\"wp-page\" data-elementor-id=\"1142\" class=\"elementor elementor-1142\" data-elementor-post-type=\"page\">\n\t\t\t\t<div class=\"elementor-element elementor-element-f48c744 e-flex e-con-boxed e-con e-parent\" data-id=\"f48c744\" data-element_type=\"container\" data-e-type=\"container\">\n\t\t\t\t\t<div class=\"e-con-inner\">\n\t\t\t\t<div class=\"elementor-element elementor-element-6f762dd1 elementor-widget elementor-widget-text-editor\" data-id=\"6f762dd1\" data-element_type=\"widget\" data-e-type=\"widget\" data-widget_type=\"text-editor.default\">\n\t\t\t\t\t\t\t\t\t<p><strong><img fetchpriority=\"high\" decoding=\"async\" data-opt-id=\"19889158\" data-opt-src=\"https:\/\/mlkwjd6oyocc.i.optimole.com\/cb:247N.797d\/w:300\/h:217\/q:mauto\/f:best\/https:\/\/prowin-dz.com\/wp-content\/uploads\/2024\/05\/DSC_6808.jpg\"  class=\"alignleft size-medium wp-image-866\"  src=\"data:image\/svg+xml,%3Csvg%20viewBox%3D%220%200%20300%20217%22%20width%3D%22300%22%20height%3D%22217%22%20xmlns%3D%22http%3A%2F%2Fwww.w3.org%2F2000%2Fsvg%22%3E%3Crect%20width%3D%22300%22%20height%3D%22217%22%20fill%3D%22transparent%22%2F%3E%3C%2Fsvg%3E\" alt=\"syst\u00e8me pvc ouvrant\" width=\"300\" height=\"217\" \/>L\u2019Entreprise ETS HACENE ALIANE PROWIN<\/strong> va lancer prochainement le lancement de la nouvelle s\u00e9rie 70 de profil\u00e9s en PVC, (diff\u00e9rents vitrages allant du simple au triple vitrage) ,une innovation majeure qui marque une nouvelle \u00e9tape dans la conception de menuiseries modernes, performantes et durables.<\/p>\n<!-- \/wp:paragraph --><!-- wp:paragraph -->\n<p>Cette nouvelle s\u00e9rie est con\u00e7ue pour r\u00e9pondre aux exigences croissantes du march\u00e9 en mati\u00e8re d\u2019isolation, d\u2019esth\u00e9tique, de respect de l\u2019environnement et aux attentes du client.<\/p>\n<!-- \/wp:paragraph --><!-- wp:paragraph -->\n<p>La s\u00e9rie 70 unit technologie avanc\u00e9e, design appropri\u00e9 et performance \u00e9nerg\u00e9tique optimale.<\/p>\n<!-- \/wp:paragraph --><!-- wp:paragraph -->\n<p>Gr\u00e2ce \u00e0 une \u00e9paisseur de 70 mm, ces nouveaux profil\u00e9s offrent une excellente isolation thermique et acoustique, r\u00e9pondant aux normes les plus strictes en vigueur.<\/p>\n<!-- \/wp:paragraph --><!-- wp:paragraph -->\n<p>Leur conception \u00e0 plusieurs chambres permet une r\u00e9duction significative des pertes de chaleur, contribuant ainsi \u00e0 un meilleur confort int\u00e9rieur et \u00e0 des \u00e9conomies d\u2019\u00e9nergie.<\/p>\n<!-- \/wp:paragraph --><!-- wp:paragraph -->\n<p>Avec la s\u00e9rie 70, <strong>L\u2019Entreprise ETS HACENE ALIANE PROWIN<\/strong> franchit une nouvelle \u00e9tape dans la qualit\u00e9 et la durabilit\u00e9 de ses produits.<\/p>\n<!-- \/wp:paragraph --><!-- wp:paragraph -->\n<p>C\u2019est le r\u00e9sultat d\u2019un travail d\u2019innovation continue et d\u2019une \u00e9coute attentive des besoins de nos clients selon <strong>M.Hac\u00e8ne ALIANE Directeur G\u00e9n\u00e9ral et propri\u00e9taire<\/strong> de <a>l\u2019entreprise <strong>ETS HACENE ALIANE PROWIN.<\/strong><\/a><\/p>\n<!-- \/wp:paragraph --><!-- wp:paragraph -->\n<p>Ces nouveaux profil\u00e9s sont enti\u00e8rement recyclables et fabriqu\u00e9s selon le respect des proc\u00e9d\u00e9s de l\u2019environnement les r\u00e9clamations <strong>ISO<\/strong> en coh\u00e9rence avec l\u2019engagement de l\u2019entreprise pour une production plus durable.<\/p>\n<!-- \/wp:paragraph --><!-- wp:paragraph -->\n<p>Avec ce lancement, l\u2019entreprise <strong>ETS HACENE ALIANE PROWIN <\/strong>confirme sa position de r\u00e9f\u00e9rence dans le domaine des profil\u00e9s en PVC et son ambition de proposer des solutions innovantes au service du confort et de la performance \u00e9nerg\u00e9tique dans le b\u00e2timent.<\/p>\n<!-- \/wp:paragraph -->\t\t\t\t\t\t\t\t<\/div>\n\t\t\t\t\t<\/div>\n\t\t\t\t<\/div>\n\t\t\t\t<\/div>","protected":false},"excerpt":{"rendered":"<p>L\u2019Entreprise ETS HACENE ALIANE PROWIN va lancer prochainement le lancement de la nouvelle s\u00e9rie 70 de profil\u00e9s en PVC, (diff\u00e9rents vitrages allant du simple au triple vitrage) ,une innovation majeure qui marque une nouvelle \u00e9tape dans la conception de menuiseries modernes, performantes et durables. Cette nouvelle s\u00e9rie est con\u00e7ue pour r\u00e9pondre aux exigences croissantes du [&hellip;]<\/p>\n","protected":false},"author":1,"featured_media":0,"parent":0,"menu_order":0,"comment_status":"closed","ping_status":"closed","template":"","meta":{"footnotes":""},"class_list":["post-1142","page","type-page","status-publish","hentry"],"_links":{"self":[{"href":"https:\/\/prowin-dz.com\/en\/wp-json\/wp\/v2\/pages\/1142","targetHints":{"allow":["GET"]}}],"collection":[{"href":"https:\/\/prowin-dz.com\/en\/wp-json\/wp\/v2\/pages"}],"about":[{"href":"https:\/\/prowin-dz.com\/en\/wp-json\/wp\/v2\/types\/page"}],"author":[{"embeddable":true,"href":"https:\/\/prowin-dz.com\/en\/wp-json\/wp\/v2\/users\/1"}],"replies":[{"embeddable":true,"href":"https:\/\/prowin-dz.com\/en\/wp-json\/wp\/v2\/comments?post=1142"}],"version-history":[{"count":3,"href":"https:\/\/prowin-dz.com\/en\/wp-json\/wp\/v2\/pages\/1142\/revisions"}],"predecessor-version":[{"id":1328,"href":"https:\/\/prowin-dz.com\/en\/wp-json\/wp\/v2\/pages\/1142\/revisions\/1328"}],"wp:attachment":[{"href":"https:\/\/prowin-dz.com\/en\/wp-json\/wp\/v2\/media?parent=1142"}],"curies":[{"name":"wp","href":"https:\/\/api.w.org\/{rel}","templated":true}]}}